{"id":3,"date":"2025-12-30T16:15:53","date_gmt":"2025-12-30T16:15:53","guid":{"rendered":"https:\/\/mierreyesjovita.rkinformatika.online\/?page_id=3"},"modified":"2026-01-12T10:18:35","modified_gmt":"2026-01-12T10:18:35","slug":"accesbilidad","status":"publish","type":"page","link":"https:\/\/mierreyesjovita.com\/eu\/accesbilidad\/","title":{"rendered":"Erabilerraztasuna"},"content":{"rendered":"<div data-elementor-type=\"wp-page\" data-elementor-id=\"3\" class=\"elementor elementor-3\" data-elementor-post-type=\"page\">\n\t\t\t\t\t\t<section class=\"elementor-section elementor-inner-section elementor-element elementor-element-7bd9cda elementor-section-height-default elementor-section-boxed elementor-section-height-default\" data-id=\"7bd9cda\" data-element_type=\"section\" data-e-type=\"section\">\n\t\t\t\t\t\t<div class=\"elementor-container elementor-column-gap-default\">\n\t\t\t\t\t<div class=\"elementor-column elementor-col-100 elementor-top-column elementor-element elementor-element-d6042d2\" data-id=\"d6042d2\" data-element_type=\"column\" data-e-type=\"column\">\n\t\t\t<div class=\"elementor-widget-wrap elementor-element-populated\">\n\t\t\t\t\t\t<div class=\"elementor-element elementor-element-3826cd2 elementor-widget elementor-widget-text-editor\" data-id=\"3826cd2\" data-element_type=\"widget\" data-e-type=\"widget\" data-widget_type=\"text-editor.default\">\n\t\t\t\t\t\t\t\t\t<style>a:link,a:visited{color:#d57f28;}a:hover,a:active{color:#8a5621;}<\/style>\n<h1>ACCESIBILIDAD<\/h1>\n<b>Restaurante El Amanecer\u00a0<\/b>se ha comprometido a hacer accesible su sitio web, de conformidad con el\u00a0<a href=\"https:\/\/www.boe.es\/diario_boe\/txt.php?id=BOE-A-2018-12699\" target=\"_blank\" rel=\"noopener\">Real Decreto 1112\/2018, de 7 de septiembre, sobre accesibilidad de los sitios web y aplicaciones para dispositivos m\u00f3viles del sector p\u00fablico.<\/a>\n\nLa presente declaraci\u00f3n de accesibilidad se aplica al sitio web\u00a0<b>https:\/\/mierreyesjovita.com\/<\/b>\n<h2>Situaci\u00f3n de cumplimiento<\/h2>\nEste sitio web es parcialmente conforme con el\u00a0<a href=\"https:\/\/www.boe.es\/diario_boe\/txt.php?id=BOE-A-2018-12699\" target=\"_blank\" rel=\"noopener\">RD 1112\/2018<\/a>.\n<h2>Preparaci\u00f3n para la siguiente declaraci\u00f3n de accesibilidad<\/h2>\nLa presente declaraci\u00f3n fue preparada el<strong>\u00a012\u00a0<\/strong><b>de Enero<\/b><b>\u00a0de 2026.<\/b>\n\nEl m\u00e9todo empleado para preparar la declaraci\u00f3n ha sido una autoevaluaci\u00f3n llevada a cabo por el propio organismo.\n\nObservaciones y datos de contacto\n\nPuede realizar comunicaciones sobre requisitos de accesibilidad (art\u00edculo 10.2.a del RD 1112\/2018) como, por ejemplo:\n<ul>\n \t<li>Informar sobre cualquier posible incumplimiento por parte de este sitio web<\/li>\n \t<li>Transmitir otras dificultades de acceso al contenido<\/li>\n \t<li>Formular cualquier otra consulta o sugerencia de mejora relativa a la accesibilidad del sitio web<\/li>\n<\/ul>\na trav\u00e9s del formulario de contacto de este sitio web o a trav\u00e9s del n\u00famero de tel\u00e9fono (+34)\u00a0<b>695 465 851<\/b>\n\nPuede presentar:\n<ul>\n \t<li>Queja relativa al cumplimiento de los requisitos del RD 1112\/2018 o<\/li>\n \t<li>Solicitud de Informaci\u00f3n accesible relativa a:\n<ul>\n \t<li>Contenidos que est\u00e1n excluidos del \u00e1mbito de aplicaci\u00f3n del RD 1112\/2018 seg\u00fan lo establecido por el art\u00edculo 3, apartado 4<\/li>\n \t<li>Contenidos que est\u00e1n exentos del cumplimiento de los requisitos de accesibilidad por imponer una carga desproporcionada<\/li>\n<\/ul>\n<\/li>\n<\/ul>\nEn la Solicitud de informaci\u00f3n accesible, se debe concretar, con toda claridad, los hechos, razones y petici\u00f3n que permitan constatar que se trata de una solicitud razonable y leg\u00edtima.\n\nLas quejas y reclamaciones sobre informaci\u00f3n accesible se realizar\u00e1n a trav\u00e9s de la sede electr\u00f3nica (<b>https:\/\/mierreyesjovita.com<\/b><b>\/contacto\/<\/b>, y ser\u00e1n recibidas y tratadas por el \u00e1rea de Sistemas de la Informaci\u00f3n de <b>Restaurante El Amanecer<\/b><span style=\"color: var( --e-global-color-text ); font-family: var( --e-global-typography-text-font-family ), Sans-serif; font-weight: var( --e-global-typography-text-font-weight ); font-size: 1rem;\">.<\/span>\n<h2>Contenido opcional<\/h2>\nEste portal est\u00e1 dise\u00f1ado para poder cambiar el tama\u00f1o del texto y el color, as\u00ed como el fondo de la p\u00e1gina mediante las opciones de configuraci\u00f3n est\u00e1ndar de los navegadores.\n\nSi desea cambiar el tama\u00f1o de letra del texto en los principales navegadores gr\u00e1ficos utilice los siguientes men\u00fas:\n<ul>\n \t<li>Internet Explorer, Mozilla y Firefox: Ver &gt; Tama\u00f1o del texto<\/li>\n \t<li>Opera: Ver &gt; Zoom<\/li>\n \t<li>Safari: Ver &gt; Hacer el texto m\u00e1s grande<\/li>\n \t<li>Chrome: Controla la p\u00e1gina actual &gt; Tama\u00f1o del texto<\/li>\n \t<li>Para modificar el tama\u00f1o de todo en la p\u00e1gina:\n<ul>\n \t<li>Ctrl + + para aumentarlo<\/li>\n \t<li>Ctrl + \u2013 para disminuirlo<\/li>\n \t<li>Ctrl + 0 restaura el tama\u00f1o original del texto<\/li>\n \t<li>Si lo que quiere es anular la hoja de estilos o modificar el color del texto, puede consultar la p\u00e1gina\u00a0<span lang=\"en-US\">How to Change Text Size or Colors de la WAI<\/span>, que se puede leer traducida al espa\u00f1ol en \u00bfC\u00f3mo cambiar el tama\u00f1o del texto o colores?<\/li>\n<\/ul>\n<\/li>\n<\/ul>\t\t\t\t\t\t\t\t<\/div>\n\t\t\t\t\t<\/div>\n\t\t<\/div>\n\t\t\t\t\t<\/div>\n\t\t<\/section>\n\t\t\t\t<\/div>","protected":false},"excerpt":{"rendered":"<p>ACCESIBILIDAD Restaurante El Amanecer\u00a0se ha comprometido a hacer accesible su sitio web, de conformidad con el\u00a0Real Decreto 1112\/2018, de 7 de septiembre, sobre accesibilidad de los sitios web y aplicaciones para dispositivos m\u00f3viles del sector p\u00fablico. La presente declaraci\u00f3n de accesibilidad se aplica al sitio web\u00a0https:\/\/mierreyesjovita.com\/ Situaci\u00f3n de cumplimiento Este sitio web es parcialmente conforme [&hellip;]<\/p>\n","protected":false},"author":1,"featured_media":0,"parent":0,"menu_order":0,"comment_status":"closed","ping_status":"closed","template":"elementor_canvas","meta":{"footnotes":""},"class_list":["post-3","page","type-page","status-publish","hentry"],"yoast_head":"<!-- This site is optimized with the Yoast SEO plugin v27.3 - https:\/\/yoast.com\/product\/yoast-seo-wordpress\/ -->\n<title>Accesbilidad - Restaurante el Amanecer<\/title>\n<meta name=\"robots\" content=\"index, follow, max-snippet:-1, max-image-preview:large, max-video-preview:-1\" \/>\n<link rel=\"canonical\" href=\"https:\/\/mierreyesjovita.com\/eu\/accesbilidad\/\" \/>\n<meta property=\"og:locale\" content=\"en_US\" \/>\n<meta property=\"og:type\" content=\"article\" \/>\n<meta property=\"og:title\" content=\"Accesbilidad - Restaurante el Amanecer\" \/>\n<meta property=\"og:description\" content=\"ACCESIBILIDAD Restaurante El Amanecer\u00a0se ha comprometido a hacer accesible su sitio web, de conformidad con el\u00a0Real Decreto 1112\/2018, de 7 de septiembre, sobre accesibilidad de los sitios web y aplicaciones para dispositivos m\u00f3viles del sector p\u00fablico. La presente declaraci\u00f3n de accesibilidad se aplica al sitio web\u00a0https:\/\/mierreyesjovita.com\/ Situaci\u00f3n de cumplimiento Este sitio web es parcialmente conforme [&hellip;]\" \/>\n<meta property=\"og:url\" content=\"https:\/\/mierreyesjovita.com\/eu\/accesbilidad\/\" \/>\n<meta property=\"og:site_name\" content=\"Restaurante el Amanecer\" \/>\n<meta property=\"article:modified_time\" content=\"2026-01-12T10:18:35+00:00\" \/>\n<meta name=\"twitter:card\" content=\"summary_large_image\" \/>\n<meta name=\"twitter:label1\" content=\"Est. reading time\" \/>\n\t<meta name=\"twitter:data1\" content=\"2 minutua\" \/>\n<script type=\"application\/ld+json\" class=\"yoast-schema-graph\">{\"@context\":\"https:\\\/\\\/schema.org\",\"@graph\":[{\"@type\":\"WebPage\",\"@id\":\"https:\\\/\\\/mierreyesjovita.com\\\/accesbilidad\\\/\",\"url\":\"https:\\\/\\\/mierreyesjovita.com\\\/accesbilidad\\\/\",\"name\":\"Accesbilidad - Restaurante el Amanecer\",\"isPartOf\":{\"@id\":\"https:\\\/\\\/mierreyesjovita.com\\\/#website\"},\"datePublished\":\"2025-12-30T16:15:53+00:00\",\"dateModified\":\"2026-01-12T10:18:35+00:00\",\"breadcrumb\":{\"@id\":\"https:\\\/\\\/mierreyesjovita.com\\\/accesbilidad\\\/#breadcrumb\"},\"inLanguage\":\"eu\",\"potentialAction\":[{\"@type\":\"ReadAction\",\"target\":[\"https:\\\/\\\/mierreyesjovita.com\\\/accesbilidad\\\/\"]}]},{\"@type\":\"BreadcrumbList\",\"@id\":\"https:\\\/\\\/mierreyesjovita.com\\\/accesbilidad\\\/#breadcrumb\",\"itemListElement\":[{\"@type\":\"ListItem\",\"position\":1,\"name\":\"Portada\",\"item\":\"https:\\\/\\\/mierreyesjovita.com\\\/\"},{\"@type\":\"ListItem\",\"position\":2,\"name\":\"Accesbilidad\"}]},{\"@type\":\"WebSite\",\"@id\":\"https:\\\/\\\/mierreyesjovita.com\\\/#website\",\"url\":\"https:\\\/\\\/mierreyesjovita.com\\\/\",\"name\":\"Restaurante el Amanecer\",\"description\":\"\",\"publisher\":{\"@id\":\"https:\\\/\\\/mierreyesjovita.com\\\/#organization\"},\"potentialAction\":[{\"@type\":\"SearchAction\",\"target\":{\"@type\":\"EntryPoint\",\"urlTemplate\":\"https:\\\/\\\/mierreyesjovita.com\\\/?s={search_term_string}\"},\"query-input\":{\"@type\":\"PropertyValueSpecification\",\"valueRequired\":true,\"valueName\":\"search_term_string\"}}],\"inLanguage\":\"eu\"},{\"@type\":\"Organization\",\"@id\":\"https:\\\/\\\/mierreyesjovita.com\\\/#organization\",\"name\":\"Restaurante el Amanecer\",\"url\":\"https:\\\/\\\/mierreyesjovita.com\\\/\",\"logo\":{\"@type\":\"ImageObject\",\"inLanguage\":\"eu\",\"@id\":\"https:\\\/\\\/mierreyesjovita.com\\\/#\\\/schema\\\/logo\\\/image\\\/\",\"url\":\"https:\\\/\\\/mierreyesjovita.com\\\/wp-content\\\/uploads\\\/2026\\\/01\\\/cropped-restauranteamanecer202510_logo_web.png\",\"contentUrl\":\"https:\\\/\\\/mierreyesjovita.com\\\/wp-content\\\/uploads\\\/2026\\\/01\\\/cropped-restauranteamanecer202510_logo_web.png\",\"width\":1080,\"height\":1080,\"caption\":\"Restaurante el Amanecer\"},\"image\":{\"@id\":\"https:\\\/\\\/mierreyesjovita.com\\\/#\\\/schema\\\/logo\\\/image\\\/\"}}]}<\/script>\n<!-- \/ Yoast SEO plugin. -->","yoast_head_json":{"title":"Accesbilidad - Restaurante el Amanecer","robots":{"index":"index","follow":"follow","max-snippet":"max-snippet:-1","max-image-preview":"max-image-preview:large","max-video-preview":"max-video-preview:-1"},"canonical":"https:\/\/mierreyesjovita.com\/eu\/accesbilidad\/","og_locale":"en_US","og_type":"article","og_title":"Accesbilidad - Restaurante el Amanecer","og_description":"ACCESIBILIDAD Restaurante El Amanecer\u00a0se ha comprometido a hacer accesible su sitio web, de conformidad con el\u00a0Real Decreto 1112\/2018, de 7 de septiembre, sobre accesibilidad de los sitios web y aplicaciones para dispositivos m\u00f3viles del sector p\u00fablico. La presente declaraci\u00f3n de accesibilidad se aplica al sitio web\u00a0https:\/\/mierreyesjovita.com\/ Situaci\u00f3n de cumplimiento Este sitio web es parcialmente conforme [&hellip;]","og_url":"https:\/\/mierreyesjovita.com\/eu\/accesbilidad\/","og_site_name":"Restaurante el Amanecer","article_modified_time":"2026-01-12T10:18:35+00:00","twitter_card":"summary_large_image","twitter_misc":{"Est. reading time":"2 minutua"},"schema":{"@context":"https:\/\/schema.org","@graph":[{"@type":"WebPage","@id":"https:\/\/mierreyesjovita.com\/accesbilidad\/","url":"https:\/\/mierreyesjovita.com\/accesbilidad\/","name":"Accesbilidad - Restaurante el Amanecer","isPartOf":{"@id":"https:\/\/mierreyesjovita.com\/#website"},"datePublished":"2025-12-30T16:15:53+00:00","dateModified":"2026-01-12T10:18:35+00:00","breadcrumb":{"@id":"https:\/\/mierreyesjovita.com\/accesbilidad\/#breadcrumb"},"inLanguage":"eu","potentialAction":[{"@type":"ReadAction","target":["https:\/\/mierreyesjovita.com\/accesbilidad\/"]}]},{"@type":"BreadcrumbList","@id":"https:\/\/mierreyesjovita.com\/accesbilidad\/#breadcrumb","itemListElement":[{"@type":"ListItem","position":1,"name":"Portada","item":"https:\/\/mierreyesjovita.com\/"},{"@type":"ListItem","position":2,"name":"Accesbilidad"}]},{"@type":"WebSite","@id":"https:\/\/mierreyesjovita.com\/#website","url":"https:\/\/mierreyesjovita.com\/","name":"Restaurante el Amanecer","description":"","publisher":{"@id":"https:\/\/mierreyesjovita.com\/#organization"},"potentialAction":[{"@type":"SearchAction","target":{"@type":"EntryPoint","urlTemplate":"https:\/\/mierreyesjovita.com\/?s={search_term_string}"},"query-input":{"@type":"PropertyValueSpecification","valueRequired":true,"valueName":"search_term_string"}}],"inLanguage":"eu"},{"@type":"Organization","@id":"https:\/\/mierreyesjovita.com\/#organization","name":"Restaurante el Amanecer","url":"https:\/\/mierreyesjovita.com\/","logo":{"@type":"ImageObject","inLanguage":"eu","@id":"https:\/\/mierreyesjovita.com\/#\/schema\/logo\/image\/","url":"https:\/\/mierreyesjovita.com\/wp-content\/uploads\/2026\/01\/cropped-restauranteamanecer202510_logo_web.png","contentUrl":"https:\/\/mierreyesjovita.com\/wp-content\/uploads\/2026\/01\/cropped-restauranteamanecer202510_logo_web.png","width":1080,"height":1080,"caption":"Restaurante el Amanecer"},"image":{"@id":"https:\/\/mierreyesjovita.com\/#\/schema\/logo\/image\/"}}]}},"_links":{"self":[{"href":"https:\/\/mierreyesjovita.com\/eu\/wp-json\/wp\/v2\/pages\/3","targetHints":{"allow":["GET"]}}],"collection":[{"href":"https:\/\/mierreyesjovita.com\/eu\/wp-json\/wp\/v2\/pages"}],"about":[{"href":"https:\/\/mierreyesjovita.com\/eu\/wp-json\/wp\/v2\/types\/page"}],"author":[{"embeddable":true,"href":"https:\/\/mierreyesjovita.com\/eu\/wp-json\/wp\/v2\/users\/1"}],"replies":[{"embeddable":true,"href":"https:\/\/mierreyesjovita.com\/eu\/wp-json\/wp\/v2\/comments?post=3"}],"version-history":[{"count":16,"href":"https:\/\/mierreyesjovita.com\/eu\/wp-json\/wp\/v2\/pages\/3\/revisions"}],"predecessor-version":[{"id":159,"href":"https:\/\/mierreyesjovita.com\/eu\/wp-json\/wp\/v2\/pages\/3\/revisions\/159"}],"wp:attachment":[{"href":"https:\/\/mierreyesjovita.com\/eu\/wp-json\/wp\/v2\/media?parent=3"}],"curies":[{"name":"wp","href":"https:\/\/api.w.org\/{rel}","templated":true}]}}