{"id":2,"date":"2025-12-30T16:15:53","date_gmt":"2025-12-30T16:15:53","guid":{"rendered":"https:\/\/mierreyesjovita.rkinformatika.online\/?page_id=2"},"modified":"2026-01-12T10:47:42","modified_gmt":"2026-01-12T10:47:42","slug":"inicio","status":"publish","type":"page","link":"https:\/\/mierreyesjovita.com\/eu\/","title":{"rendered":"Hasiera"},"content":{"rendered":"\t\t<div data-elementor-type=\"wp-page\" data-elementor-id=\"2\" class=\"elementor elementor-2\" data-elementor-post-type=\"page\">\n\t\t\t\t<div class=\"elementor-element elementor-element-f421c32 e-con-full e-flex e-con e-parent\" data-id=\"f421c32\" data-element_type=\"container\" data-e-type=\"container\" data-settings=\"{&quot;background_background&quot;:&quot;slideshow&quot;,&quot;background_slideshow_gallery&quot;:[{&quot;id&quot;:101,&quot;url&quot;:&quot;https:\\\/\\\/mierreyesjovita.com\\\/wp-content\\\/uploads\\\/2026\\\/01\\\/4-scaled-e1768207124802.jpg&quot;},{&quot;id&quot;:104,&quot;url&quot;:&quot;https:\\\/\\\/mierreyesjovita.com\\\/wp-content\\\/uploads\\\/2026\\\/01\\\/7-e1768207295107.jpg&quot;},{&quot;id&quot;:100,&quot;url&quot;:&quot;https:\\\/\\\/mierreyesjovita.com\\\/wp-content\\\/uploads\\\/2026\\\/01\\\/3-scaled-e1768207347884.jpg&quot;},{&quot;id&quot;:103,&quot;url&quot;:&quot;https:\\\/\\\/mierreyesjovita.com\\\/wp-content\\\/uploads\\\/2026\\\/01\\\/6-scaled-e1768207432399.jpg&quot;}],&quot;background_slideshow_ken_burns&quot;:&quot;yes&quot;,&quot;background_slideshow_loop&quot;:&quot;yes&quot;,&quot;background_slideshow_slide_duration&quot;:5000,&quot;background_slideshow_slide_transition&quot;:&quot;fade&quot;,&quot;background_slideshow_transition_duration&quot;:500,&quot;background_slideshow_ken_burns_zoom_direction&quot;:&quot;in&quot;}\">\n\t\t\t\t<div class=\"elementor-element elementor-element-dfa156b elementor-widget elementor-widget-heading\" data-id=\"dfa156b\" data-element_type=\"widget\" data-e-type=\"widget\" data-widget_type=\"heading.default\">\n\t\t\t\t\t<h2 class=\"elementor-heading-title elementor-size-default\">Comida boliviana, caf\u00e9 y celebraciones con alma<\/h2>\t\t\t\t<\/div>\n\t\t\t\t<div class=\"elementor-element elementor-element-209b75a elementor-widget elementor-widget-text-editor\" data-id=\"209b75a\" data-element_type=\"widget\" data-e-type=\"widget\" data-widget_type=\"text-editor.default\">\n\t\t\t\t\t\t\t\t\t<p>Ofrecemos men\u00fas diarios, caf\u00e9s y banquetes para fiestas en un ambiente cercano y acogedor. Tradici\u00f3n, sabor y buen trato en cada plato.<\/p>\t\t\t\t\t\t\t\t<\/div>\n\t\t\t\t<div class=\"elementor-element elementor-element-21d94a1 elementor-align-center elementor-widget elementor-widget-button\" data-id=\"21d94a1\" data-element_type=\"widget\" data-e-type=\"widget\" data-widget_type=\"button.default\">\n\t\t\t\t\t\t\t\t\t\t<a class=\"elementor-button elementor-button-link elementor-size-sm\" href=\"\/servicios\">\n\t\t\t\t\t\t<span class=\"elementor-button-content-wrapper\">\n\t\t\t\t\t\t\t\t\t<span class=\"elementor-button-text\">Ver servicios<\/span>\n\t\t\t\t\t<\/span>\n\t\t\t\t\t<\/a>\n\t\t\t\t\t\t\t\t<\/div>\n\t\t\t\t<\/div>\n\t\t\t\t<\/div>\n\t\t","protected":false},"excerpt":{"rendered":"<p>Comida boliviana, caf\u00e9 y celebraciones con alma Ofrecemos men\u00fas diarios, caf\u00e9s y banquetes para fiestas en un ambiente cercano y acogedor. Tradici\u00f3n, sabor y buen trato en cada plato. Ver servicios<\/p>","protected":false},"author":1,"featured_media":0,"parent":0,"menu_order":0,"comment_status":"closed","ping_status":"closed","template":"elementor_canvas","meta":{"footnotes":""},"class_list":["post-2","page","type-page","status-publish","hentry"],"yoast_head":"<!-- This site is optimized with the Yoast SEO plugin v27.3 - https:\/\/yoast.com\/product\/yoast-seo-wordpress\/ -->\n<title>Inicio - Restaurante el Amanecer<\/title>\n<meta name=\"robots\" content=\"index, follow, max-snippet:-1, max-image-preview:large, max-video-preview:-1\" \/>\n<link rel=\"canonical\" href=\"https:\/\/mierreyesjovita.com\/eu\/\" \/>\n<meta property=\"og:locale\" content=\"en_US\" \/>\n<meta property=\"og:type\" content=\"article\" \/>\n<meta property=\"og:title\" content=\"Inicio - Restaurante el Amanecer\" \/>\n<meta property=\"og:description\" content=\"Comida boliviana, caf\u00e9 y celebraciones con alma Ofrecemos men\u00fas diarios, caf\u00e9s y banquetes para fiestas en un ambiente cercano y acogedor. Tradici\u00f3n, sabor y buen trato en cada plato. Ver servicios\" \/>\n<meta property=\"og:url\" content=\"https:\/\/mierreyesjovita.com\/eu\/\" \/>\n<meta property=\"og:site_name\" content=\"Restaurante el Amanecer\" \/>\n<meta property=\"article:modified_time\" content=\"2026-01-12T10:47:42+00:00\" \/>\n<meta name=\"twitter:card\" content=\"summary_large_image\" \/>\n<meta name=\"twitter:label1\" content=\"Est. reading time\" \/>\n\t<meta name=\"twitter:data1\" content=\"1 minutua\" \/>\n<script type=\"application\/ld+json\" class=\"yoast-schema-graph\">{\"@context\":\"https:\\\/\\\/schema.org\",\"@graph\":[{\"@type\":\"WebPage\",\"@id\":\"https:\\\/\\\/mierreyesjovita.com\\\/\",\"url\":\"https:\\\/\\\/mierreyesjovita.com\\\/\",\"name\":\"Inicio - Restaurante el Amanecer\",\"isPartOf\":{\"@id\":\"https:\\\/\\\/mierreyesjovita.com\\\/#website\"},\"datePublished\":\"2025-12-30T16:15:53+00:00\",\"dateModified\":\"2026-01-12T10:47:42+00:00\",\"breadcrumb\":{\"@id\":\"https:\\\/\\\/mierreyesjovita.com\\\/#breadcrumb\"},\"inLanguage\":\"eu\",\"potentialAction\":[{\"@type\":\"ReadAction\",\"target\":[\"https:\\\/\\\/mierreyesjovita.com\\\/\"]}]},{\"@type\":\"BreadcrumbList\",\"@id\":\"https:\\\/\\\/mierreyesjovita.com\\\/#breadcrumb\",\"itemListElement\":[{\"@type\":\"ListItem\",\"position\":1,\"name\":\"Portada\",\"item\":\"https:\\\/\\\/mierreyesjovita.com\\\/\"},{\"@type\":\"ListItem\",\"position\":2,\"name\":\"Inicio\"}]},{\"@type\":\"WebSite\",\"@id\":\"https:\\\/\\\/mierreyesjovita.com\\\/#website\",\"url\":\"https:\\\/\\\/mierreyesjovita.com\\\/\",\"name\":\"Restaurante el Amanecer\",\"description\":\"\",\"publisher\":{\"@id\":\"https:\\\/\\\/mierreyesjovita.com\\\/#organization\"},\"potentialAction\":[{\"@type\":\"SearchAction\",\"target\":{\"@type\":\"EntryPoint\",\"urlTemplate\":\"https:\\\/\\\/mierreyesjovita.com\\\/?s={search_term_string}\"},\"query-input\":{\"@type\":\"PropertyValueSpecification\",\"valueRequired\":true,\"valueName\":\"search_term_string\"}}],\"inLanguage\":\"eu\"},{\"@type\":\"Organization\",\"@id\":\"https:\\\/\\\/mierreyesjovita.com\\\/#organization\",\"name\":\"Restaurante el Amanecer\",\"url\":\"https:\\\/\\\/mierreyesjovita.com\\\/\",\"logo\":{\"@type\":\"ImageObject\",\"inLanguage\":\"eu\",\"@id\":\"https:\\\/\\\/mierreyesjovita.com\\\/#\\\/schema\\\/logo\\\/image\\\/\",\"url\":\"https:\\\/\\\/mierreyesjovita.com\\\/wp-content\\\/uploads\\\/2026\\\/01\\\/cropped-restauranteamanecer202510_logo_web.png\",\"contentUrl\":\"https:\\\/\\\/mierreyesjovita.com\\\/wp-content\\\/uploads\\\/2026\\\/01\\\/cropped-restauranteamanecer202510_logo_web.png\",\"width\":1080,\"height\":1080,\"caption\":\"Restaurante el Amanecer\"},\"image\":{\"@id\":\"https:\\\/\\\/mierreyesjovita.com\\\/#\\\/schema\\\/logo\\\/image\\\/\"}}]}<\/script>\n<!-- \/ Yoast SEO plugin. -->","yoast_head_json":{"title":"Inicio - Restaurante el Amanecer","robots":{"index":"index","follow":"follow","max-snippet":"max-snippet:-1","max-image-preview":"max-image-preview:large","max-video-preview":"max-video-preview:-1"},"canonical":"https:\/\/mierreyesjovita.com\/eu\/","og_locale":"en_US","og_type":"article","og_title":"Inicio - Restaurante el Amanecer","og_description":"Comida boliviana, caf\u00e9 y celebraciones con alma Ofrecemos men\u00fas diarios, caf\u00e9s y banquetes para fiestas en un ambiente cercano y acogedor. Tradici\u00f3n, sabor y buen trato en cada plato. Ver servicios","og_url":"https:\/\/mierreyesjovita.com\/eu\/","og_site_name":"Restaurante el Amanecer","article_modified_time":"2026-01-12T10:47:42+00:00","twitter_card":"summary_large_image","twitter_misc":{"Est. reading time":"1 minutua"},"schema":{"@context":"https:\/\/schema.org","@graph":[{"@type":"WebPage","@id":"https:\/\/mierreyesjovita.com\/","url":"https:\/\/mierreyesjovita.com\/","name":"Inicio - Restaurante el Amanecer","isPartOf":{"@id":"https:\/\/mierreyesjovita.com\/#website"},"datePublished":"2025-12-30T16:15:53+00:00","dateModified":"2026-01-12T10:47:42+00:00","breadcrumb":{"@id":"https:\/\/mierreyesjovita.com\/#breadcrumb"},"inLanguage":"eu","potentialAction":[{"@type":"ReadAction","target":["https:\/\/mierreyesjovita.com\/"]}]},{"@type":"BreadcrumbList","@id":"https:\/\/mierreyesjovita.com\/#breadcrumb","itemListElement":[{"@type":"ListItem","position":1,"name":"Portada","item":"https:\/\/mierreyesjovita.com\/"},{"@type":"ListItem","position":2,"name":"Inicio"}]},{"@type":"WebSite","@id":"https:\/\/mierreyesjovita.com\/#website","url":"https:\/\/mierreyesjovita.com\/","name":"Restaurante el Amanecer","description":"","publisher":{"@id":"https:\/\/mierreyesjovita.com\/#organization"},"potentialAction":[{"@type":"SearchAction","target":{"@type":"EntryPoint","urlTemplate":"https:\/\/mierreyesjovita.com\/?s={search_term_string}"},"query-input":{"@type":"PropertyValueSpecification","valueRequired":true,"valueName":"search_term_string"}}],"inLanguage":"eu"},{"@type":"Organization","@id":"https:\/\/mierreyesjovita.com\/#organization","name":"Restaurante el Amanecer","url":"https:\/\/mierreyesjovita.com\/","logo":{"@type":"ImageObject","inLanguage":"eu","@id":"https:\/\/mierreyesjovita.com\/#\/schema\/logo\/image\/","url":"https:\/\/mierreyesjovita.com\/wp-content\/uploads\/2026\/01\/cropped-restauranteamanecer202510_logo_web.png","contentUrl":"https:\/\/mierreyesjovita.com\/wp-content\/uploads\/2026\/01\/cropped-restauranteamanecer202510_logo_web.png","width":1080,"height":1080,"caption":"Restaurante el Amanecer"},"image":{"@id":"https:\/\/mierreyesjovita.com\/#\/schema\/logo\/image\/"}}]}},"_links":{"self":[{"href":"https:\/\/mierreyesjovita.com\/eu\/wp-json\/wp\/v2\/pages\/2","targetHints":{"allow":["GET"]}}],"collection":[{"href":"https:\/\/mierreyesjovita.com\/eu\/wp-json\/wp\/v2\/pages"}],"about":[{"href":"https:\/\/mierreyesjovita.com\/eu\/wp-json\/wp\/v2\/types\/page"}],"author":[{"embeddable":true,"href":"https:\/\/mierreyesjovita.com\/eu\/wp-json\/wp\/v2\/users\/1"}],"replies":[{"embeddable":true,"href":"https:\/\/mierreyesjovita.com\/eu\/wp-json\/wp\/v2\/comments?post=2"}],"version-history":[{"count":28,"href":"https:\/\/mierreyesjovita.com\/eu\/wp-json\/wp\/v2\/pages\/2\/revisions"}],"predecessor-version":[{"id":184,"href":"https:\/\/mierreyesjovita.com\/eu\/wp-json\/wp\/v2\/pages\/2\/revisions\/184"}],"wp:attachment":[{"href":"https:\/\/mierreyesjovita.com\/eu\/wp-json\/wp\/v2\/media?parent=2"}],"curies":[{"name":"wp","href":"https:\/\/api.w.org\/{rel}","templated":true}]}}