{"id":12,"date":"2025-12-30T16:21:26","date_gmt":"2025-12-30T16:21:26","guid":{"rendered":"https:\/\/mierreyesjovita.rkinformatika.online\/?page_id=12"},"modified":"2026-01-16T09:25:57","modified_gmt":"2026-01-16T09:25:57","slug":"servicios","status":"publish","type":"page","link":"https:\/\/mierreyesjovita.com\/eu\/servicios\/","title":{"rendered":"Zerbitzuak"},"content":{"rendered":"\t\t<div data-elementor-type=\"wp-page\" data-elementor-id=\"12\" class=\"elementor elementor-12\" data-elementor-post-type=\"page\">\n\t\t\t\t<div class=\"elementor-element elementor-element-293ac32 e-con-full e-flex e-con e-parent\" data-id=\"293ac32\" data-element_type=\"container\" data-e-type=\"container\" data-settings=\"{&quot;background_background&quot;:&quot;classic&quot;}\">\n\t\t<div class=\"elementor-element elementor-element-88753e9 e-grid e-con-full e-con e-child\" data-id=\"88753e9\" data-element_type=\"container\" data-e-type=\"container\">\n\t\t<div class=\"elementor-element elementor-element-2c00f51 e-con-full e-flex e-con e-child\" data-id=\"2c00f51\" data-element_type=\"container\" data-e-type=\"container\" data-settings=\"{&quot;background_background&quot;:&quot;classic&quot;}\">\n\t\t<div class=\"elementor-element elementor-element-1366e36 e-con-full e-flex e-con e-child\" data-id=\"1366e36\" data-element_type=\"container\" data-e-type=\"container\" data-settings=\"{&quot;background_background&quot;:&quot;classic&quot;}\">\n\t\t\t\t<\/div>\n\t\t<div class=\"elementor-element elementor-element-fc6d478 e-con-full e-flex e-con e-child\" data-id=\"fc6d478\" data-element_type=\"container\" data-e-type=\"container\" data-settings=\"{&quot;background_background&quot;:&quot;classic&quot;}\">\n\t\t\t\t<div class=\"elementor-element elementor-element-299bdb8 elementor-widget elementor-widget-heading\" data-id=\"299bdb8\" data-element_type=\"widget\" data-e-type=\"widget\" data-widget_type=\"heading.default\">\n\t\t\t\t\t<h2 class=\"elementor-heading-title elementor-size-default\">Men\u00fa Diario Casero<\/h2>\t\t\t\t<\/div>\n\t\t\t\t<div class=\"elementor-element elementor-element-1819359 elementor-widget elementor-widget-text-editor\" data-id=\"1819359\" data-element_type=\"widget\" data-e-type=\"widget\" data-widget_type=\"text-editor.default\">\n\t\t\t\t\t\t\t\t\t<p>Platos caseros preparados cada d\u00eda con recetas tradicionales y sabores aut\u00e9nticos para disfrutar a cualquier hora.<\/p>\t\t\t\t\t\t\t\t<\/div>\n\t\t\t\t<\/div>\n\t\t\t\t<\/div>\n\t\t<div class=\"elementor-element elementor-element-efa32fb e-con-full e-flex e-con e-child\" data-id=\"efa32fb\" data-element_type=\"container\" data-e-type=\"container\" data-settings=\"{&quot;background_background&quot;:&quot;classic&quot;}\">\n\t\t<div class=\"elementor-element elementor-element-c2456e6 e-con-full e-flex e-con e-child\" data-id=\"c2456e6\" data-element_type=\"container\" data-e-type=\"container\" data-settings=\"{&quot;background_background&quot;:&quot;classic&quot;}\">\n\t\t\t\t<\/div>\n\t\t<div class=\"elementor-element elementor-element-a208291 e-con-full e-flex e-con e-child\" data-id=\"a208291\" data-element_type=\"container\" data-e-type=\"container\" data-settings=\"{&quot;background_background&quot;:&quot;classic&quot;}\">\n\t\t\t\t<div class=\"elementor-element elementor-element-df675d7 elementor-widget elementor-widget-heading\" data-id=\"df675d7\" data-element_type=\"widget\" data-e-type=\"widget\" data-widget_type=\"heading.default\">\n\t\t\t\t\t<h2 class=\"elementor-heading-title elementor-size-default\">Comida Boliviana Tradicional<\/h2>\t\t\t\t<\/div>\n\t\t\t\t<div class=\"elementor-element elementor-element-e33b8d3 elementor-widget elementor-widget-text-editor\" data-id=\"e33b8d3\" data-element_type=\"widget\" data-e-type=\"widget\" data-widget_type=\"text-editor.default\">\n\t\t\t\t\t\t\t\t\t<p data-start=\"459\" data-end=\"544\">Sabores de Bolivia elaborados con cari\u00f1o, ideales para quienes buscan tradici\u00f3n, identidad y buen comer.<\/p>\t\t\t\t\t\t\t\t<\/div>\n\t\t\t\t<\/div>\n\t\t\t\t<\/div>\n\t\t<div class=\"elementor-element elementor-element-a3b7473 e-con-full e-flex e-con e-child\" data-id=\"a3b7473\" data-element_type=\"container\" data-e-type=\"container\" data-settings=\"{&quot;background_background&quot;:&quot;classic&quot;}\">\n\t\t<div class=\"elementor-element elementor-element-e222974 e-con-full e-flex e-con e-child\" data-id=\"e222974\" data-element_type=\"container\" data-e-type=\"container\" data-settings=\"{&quot;background_background&quot;:&quot;classic&quot;}\">\n\t\t\t\t<\/div>\n\t\t<div class=\"elementor-element elementor-element-4f40741 e-con-full e-flex e-con e-child\" data-id=\"4f40741\" data-element_type=\"container\" data-e-type=\"container\" data-settings=\"{&quot;background_background&quot;:&quot;classic&quot;}\">\n\t\t\t\t<div class=\"elementor-element elementor-element-80d1bc5 elementor-widget elementor-widget-heading\" data-id=\"80d1bc5\" data-element_type=\"widget\" data-e-type=\"widget\" data-widget_type=\"heading.default\">\n\t\t\t\t\t<h2 class=\"elementor-heading-title elementor-size-default\">Caf\u00e9s y Bebidas<\/h2>\t\t\t\t<\/div>\n\t\t\t\t<div class=\"elementor-element elementor-element-82c17e9 elementor-widget elementor-widget-text-editor\" data-id=\"82c17e9\" data-element_type=\"widget\" data-e-type=\"widget\" data-widget_type=\"text-editor.default\">\n\t\t\t\t\t\t\t\t\t<p>Caf\u00e9 reci\u00e9n hecho y bebidas para acompa\u00f1ar desayunos, sobremesas o un descanso tranquilo.<\/p>\t\t\t\t\t\t\t\t<\/div>\n\t\t\t\t<\/div>\n\t\t\t\t<\/div>\n\t\t<div class=\"elementor-element elementor-element-77388ee e-con-full e-flex e-con e-child\" data-id=\"77388ee\" data-element_type=\"container\" data-e-type=\"container\" data-settings=\"{&quot;background_background&quot;:&quot;classic&quot;}\">\n\t\t<div class=\"elementor-element elementor-element-770f230 e-con-full e-flex e-con e-child\" data-id=\"770f230\" data-element_type=\"container\" data-e-type=\"container\" data-settings=\"{&quot;background_background&quot;:&quot;classic&quot;}\">\n\t\t\t\t<\/div>\n\t\t<div class=\"elementor-element elementor-element-ba0b577 e-con-full e-flex e-con e-child\" data-id=\"ba0b577\" data-element_type=\"container\" data-e-type=\"container\" data-settings=\"{&quot;background_background&quot;:&quot;classic&quot;}\">\n\t\t\t\t<div class=\"elementor-element elementor-element-f3cc9c7 elementor-widget elementor-widget-heading\" data-id=\"f3cc9c7\" data-element_type=\"widget\" data-e-type=\"widget\" data-widget_type=\"heading.default\">\n\t\t\t\t\t<h2 class=\"elementor-heading-title elementor-size-default\">Desayunos<\/h2>\t\t\t\t<\/div>\n\t\t\t\t<div class=\"elementor-element elementor-element-a643fdd elementor-widget elementor-widget-text-editor\" data-id=\"a643fdd\" data-element_type=\"widget\" data-e-type=\"widget\" data-widget_type=\"text-editor.default\">\n\t\t\t\t\t\t\t\t\t<p>Empieza el d\u00eda con energ\u00eda gracias a nuestros desayunos completos en un ambiente familiar y acogedor.<\/p>\t\t\t\t\t\t\t\t<\/div>\n\t\t\t\t<\/div>\n\t\t\t\t<\/div>\n\t\t<div class=\"elementor-element elementor-element-ef10fb7 e-con-full e-flex e-con e-child\" data-id=\"ef10fb7\" data-element_type=\"container\" data-e-type=\"container\" data-settings=\"{&quot;background_background&quot;:&quot;classic&quot;}\">\n\t\t<div class=\"elementor-element elementor-element-f646917 e-con-full e-flex e-con e-child\" data-id=\"f646917\" data-element_type=\"container\" data-e-type=\"container\" data-settings=\"{&quot;background_background&quot;:&quot;slideshow&quot;,&quot;background_slideshow_gallery&quot;:[{&quot;id&quot;:99,&quot;url&quot;:&quot;https:\\\/\\\/mierreyesjovita.com\\\/wp-content\\\/uploads\\\/2026\\\/01\\\/2.jpg&quot;},{&quot;id&quot;:102,&quot;url&quot;:&quot;https:\\\/\\\/mierreyesjovita.com\\\/wp-content\\\/uploads\\\/2026\\\/01\\\/5.jpg&quot;},{&quot;id&quot;:106,&quot;url&quot;:&quot;https:\\\/\\\/mierreyesjovita.com\\\/wp-content\\\/uploads\\\/2026\\\/01\\\/9.jpg&quot;},{&quot;id&quot;:98,&quot;url&quot;:&quot;https:\\\/\\\/mierreyesjovita.com\\\/wp-content\\\/uploads\\\/2026\\\/01\\\/1-scaled.jpg&quot;}],&quot;background_slideshow_lazyload&quot;:&quot;yes&quot;,&quot;background_slideshow_loop&quot;:&quot;yes&quot;,&quot;background_slideshow_slide_duration&quot;:5000,&quot;background_slideshow_slide_transition&quot;:&quot;fade&quot;,&quot;background_slideshow_transition_duration&quot;:500}\">\n\t\t\t\t<\/div>\n\t\t<div class=\"elementor-element elementor-element-495f10a e-con-full e-flex e-con e-child\" data-id=\"495f10a\" data-element_type=\"container\" data-e-type=\"container\" data-settings=\"{&quot;background_background&quot;:&quot;classic&quot;}\">\n\t\t\t\t<div class=\"elementor-element elementor-element-3883290 elementor-widget elementor-widget-heading\" data-id=\"3883290\" data-element_type=\"widget\" data-e-type=\"widget\" data-widget_type=\"heading.default\">\n\t\t\t\t\t<h2 class=\"elementor-heading-title elementor-size-default\">Banquetes para Fiestas<\/h2>\t\t\t\t<\/div>\n\t\t\t\t<div class=\"elementor-element elementor-element-1f4976d elementor-widget elementor-widget-text-editor\" data-id=\"1f4976d\" data-element_type=\"widget\" data-e-type=\"widget\" data-widget_type=\"text-editor.default\">\n\t\t\t\t\t\t\t\t\t<p>Organizamos banquetes para cumplea\u00f1os, reuniones y celebraciones especiales, adaptados a tus necesidades.<\/p>\t\t\t\t\t\t\t\t<\/div>\n\t\t\t\t<\/div>\n\t\t\t\t<\/div>\n\t\t<div class=\"elementor-element elementor-element-21c96e0 e-con-full e-flex e-con e-child\" data-id=\"21c96e0\" data-element_type=\"container\" data-e-type=\"container\" data-settings=\"{&quot;background_background&quot;:&quot;classic&quot;}\">\n\t\t<div class=\"elementor-element elementor-element-ee2919a e-con-full e-flex e-con e-child\" data-id=\"ee2919a\" data-element_type=\"container\" data-e-type=\"container\" data-settings=\"{&quot;background_background&quot;:&quot;classic&quot;}\">\n\t\t\t\t<\/div>\n\t\t<div class=\"elementor-element elementor-element-be2e96e e-con-full e-flex e-con e-child\" data-id=\"be2e96e\" data-element_type=\"container\" data-e-type=\"container\" data-settings=\"{&quot;background_background&quot;:&quot;classic&quot;}\">\n\t\t\t\t<div class=\"elementor-element elementor-element-0533b6a elementor-widget elementor-widget-heading\" data-id=\"0533b6a\" data-element_type=\"widget\" data-e-type=\"widget\" data-widget_type=\"heading.default\">\n\t\t\t\t\t<h2 class=\"elementor-heading-title elementor-size-default\">Atenci\u00f3n Cercana y Familiar<\/h2>\t\t\t\t<\/div>\n\t\t\t\t<div class=\"elementor-element elementor-element-52866dd elementor-widget elementor-widget-text-editor\" data-id=\"52866dd\" data-element_type=\"widget\" data-e-type=\"widget\" data-widget_type=\"text-editor.default\">\n\t\t\t\t\t\t\t\t\t<p>Un trato amable y cercano para que te sientas como en casa desde el primer momento.<\/p>\t\t\t\t\t\t\t\t<\/div>\n\t\t\t\t<\/div>\n\t\t\t\t<\/div>\n\t\t\t\t<\/div>\n\t\t\t\t<\/div>\n\t\t\t\t<\/div>\n\t\t","protected":false},"excerpt":{"rendered":"<p>Men\u00fa Diario Casero Platos caseros preparados cada d\u00eda con recetas tradicionales y sabores aut\u00e9nticos para disfrutar a cualquier hora. Comida Boliviana Tradicional Sabores de Bolivia elaborados con cari\u00f1o, ideales para quienes buscan tradici\u00f3n, identidad y buen comer. Caf\u00e9s y Bebidas Caf\u00e9 reci\u00e9n hecho y bebidas para acompa\u00f1ar desayunos, sobremesas o un descanso tranquilo. Desayunos Empieza [&hellip;]<\/p>\n","protected":false},"author":1,"featured_media":0,"parent":0,"menu_order":0,"comment_status":"closed","ping_status":"closed","template":"elementor_canvas","meta":{"footnotes":""},"class_list":["post-12","page","type-page","status-publish","hentry"],"yoast_head":"<!-- This site is optimized with the Yoast SEO plugin v27.3 - https:\/\/yoast.com\/product\/yoast-seo-wordpress\/ -->\n<title>Servicios - Restaurante el Amanecer<\/title>\n<meta name=\"robots\" content=\"index, follow, max-snippet:-1, max-image-preview:large, max-video-preview:-1\" \/>\n<link rel=\"canonical\" href=\"https:\/\/mierreyesjovita.com\/eu\/servicios\/\" \/>\n<meta property=\"og:locale\" content=\"en_US\" \/>\n<meta property=\"og:type\" content=\"article\" \/>\n<meta property=\"og:title\" content=\"Servicios - Restaurante el Amanecer\" \/>\n<meta property=\"og:description\" content=\"Men\u00fa Diario Casero Platos caseros preparados cada d\u00eda con recetas tradicionales y sabores aut\u00e9nticos para disfrutar a cualquier hora. Comida Boliviana Tradicional Sabores de Bolivia elaborados con cari\u00f1o, ideales para quienes buscan tradici\u00f3n, identidad y buen comer. Caf\u00e9s y Bebidas Caf\u00e9 reci\u00e9n hecho y bebidas para acompa\u00f1ar desayunos, sobremesas o un descanso tranquilo. Desayunos Empieza [&hellip;]\" \/>\n<meta property=\"og:url\" content=\"https:\/\/mierreyesjovita.com\/eu\/servicios\/\" \/>\n<meta property=\"og:site_name\" content=\"Restaurante el Amanecer\" \/>\n<meta property=\"article:modified_time\" content=\"2026-01-16T09:25:57+00:00\" \/>\n<meta name=\"twitter:card\" content=\"summary_large_image\" \/>\n<meta name=\"twitter:label1\" content=\"Est. reading time\" \/>\n\t<meta name=\"twitter:data1\" content=\"1 minutua\" \/>\n<script type=\"application\/ld+json\" class=\"yoast-schema-graph\">{\"@context\":\"https:\\\/\\\/schema.org\",\"@graph\":[{\"@type\":\"WebPage\",\"@id\":\"https:\\\/\\\/mierreyesjovita.com\\\/servicios\\\/\",\"url\":\"https:\\\/\\\/mierreyesjovita.com\\\/servicios\\\/\",\"name\":\"Servicios - Restaurante el Amanecer\",\"isPartOf\":{\"@id\":\"https:\\\/\\\/mierreyesjovita.com\\\/#website\"},\"datePublished\":\"2025-12-30T16:21:26+00:00\",\"dateModified\":\"2026-01-16T09:25:57+00:00\",\"breadcrumb\":{\"@id\":\"https:\\\/\\\/mierreyesjovita.com\\\/servicios\\\/#breadcrumb\"},\"inLanguage\":\"eu\",\"potentialAction\":[{\"@type\":\"ReadAction\",\"target\":[\"https:\\\/\\\/mierreyesjovita.com\\\/servicios\\\/\"]}]},{\"@type\":\"BreadcrumbList\",\"@id\":\"https:\\\/\\\/mierreyesjovita.com\\\/servicios\\\/#breadcrumb\",\"itemListElement\":[{\"@type\":\"ListItem\",\"position\":1,\"name\":\"Portada\",\"item\":\"https:\\\/\\\/mierreyesjovita.com\\\/\"},{\"@type\":\"ListItem\",\"position\":2,\"name\":\"Servicios\"}]},{\"@type\":\"WebSite\",\"@id\":\"https:\\\/\\\/mierreyesjovita.com\\\/#website\",\"url\":\"https:\\\/\\\/mierreyesjovita.com\\\/\",\"name\":\"Restaurante el Amanecer\",\"description\":\"\",\"publisher\":{\"@id\":\"https:\\\/\\\/mierreyesjovita.com\\\/#organization\"},\"potentialAction\":[{\"@type\":\"SearchAction\",\"target\":{\"@type\":\"EntryPoint\",\"urlTemplate\":\"https:\\\/\\\/mierreyesjovita.com\\\/?s={search_term_string}\"},\"query-input\":{\"@type\":\"PropertyValueSpecification\",\"valueRequired\":true,\"valueName\":\"search_term_string\"}}],\"inLanguage\":\"eu\"},{\"@type\":\"Organization\",\"@id\":\"https:\\\/\\\/mierreyesjovita.com\\\/#organization\",\"name\":\"Restaurante el Amanecer\",\"url\":\"https:\\\/\\\/mierreyesjovita.com\\\/\",\"logo\":{\"@type\":\"ImageObject\",\"inLanguage\":\"eu\",\"@id\":\"https:\\\/\\\/mierreyesjovita.com\\\/#\\\/schema\\\/logo\\\/image\\\/\",\"url\":\"https:\\\/\\\/mierreyesjovita.com\\\/wp-content\\\/uploads\\\/2026\\\/01\\\/cropped-restauranteamanecer202510_logo_web.png\",\"contentUrl\":\"https:\\\/\\\/mierreyesjovita.com\\\/wp-content\\\/uploads\\\/2026\\\/01\\\/cropped-restauranteamanecer202510_logo_web.png\",\"width\":1080,\"height\":1080,\"caption\":\"Restaurante el Amanecer\"},\"image\":{\"@id\":\"https:\\\/\\\/mierreyesjovita.com\\\/#\\\/schema\\\/logo\\\/image\\\/\"}}]}<\/script>\n<!-- \/ Yoast SEO plugin. -->","yoast_head_json":{"title":"Servicios - Restaurante el Amanecer","robots":{"index":"index","follow":"follow","max-snippet":"max-snippet:-1","max-image-preview":"max-image-preview:large","max-video-preview":"max-video-preview:-1"},"canonical":"https:\/\/mierreyesjovita.com\/eu\/servicios\/","og_locale":"en_US","og_type":"article","og_title":"Servicios - Restaurante el Amanecer","og_description":"Men\u00fa Diario Casero Platos caseros preparados cada d\u00eda con recetas tradicionales y sabores aut\u00e9nticos para disfrutar a cualquier hora. Comida Boliviana Tradicional Sabores de Bolivia elaborados con cari\u00f1o, ideales para quienes buscan tradici\u00f3n, identidad y buen comer. Caf\u00e9s y Bebidas Caf\u00e9 reci\u00e9n hecho y bebidas para acompa\u00f1ar desayunos, sobremesas o un descanso tranquilo. Desayunos Empieza [&hellip;]","og_url":"https:\/\/mierreyesjovita.com\/eu\/servicios\/","og_site_name":"Restaurante el Amanecer","article_modified_time":"2026-01-16T09:25:57+00:00","twitter_card":"summary_large_image","twitter_misc":{"Est. reading time":"1 minutua"},"schema":{"@context":"https:\/\/schema.org","@graph":[{"@type":"WebPage","@id":"https:\/\/mierreyesjovita.com\/servicios\/","url":"https:\/\/mierreyesjovita.com\/servicios\/","name":"Servicios - Restaurante el Amanecer","isPartOf":{"@id":"https:\/\/mierreyesjovita.com\/#website"},"datePublished":"2025-12-30T16:21:26+00:00","dateModified":"2026-01-16T09:25:57+00:00","breadcrumb":{"@id":"https:\/\/mierreyesjovita.com\/servicios\/#breadcrumb"},"inLanguage":"eu","potentialAction":[{"@type":"ReadAction","target":["https:\/\/mierreyesjovita.com\/servicios\/"]}]},{"@type":"BreadcrumbList","@id":"https:\/\/mierreyesjovita.com\/servicios\/#breadcrumb","itemListElement":[{"@type":"ListItem","position":1,"name":"Portada","item":"https:\/\/mierreyesjovita.com\/"},{"@type":"ListItem","position":2,"name":"Servicios"}]},{"@type":"WebSite","@id":"https:\/\/mierreyesjovita.com\/#website","url":"https:\/\/mierreyesjovita.com\/","name":"Restaurante el Amanecer","description":"","publisher":{"@id":"https:\/\/mierreyesjovita.com\/#organization"},"potentialAction":[{"@type":"SearchAction","target":{"@type":"EntryPoint","urlTemplate":"https:\/\/mierreyesjovita.com\/?s={search_term_string}"},"query-input":{"@type":"PropertyValueSpecification","valueRequired":true,"valueName":"search_term_string"}}],"inLanguage":"eu"},{"@type":"Organization","@id":"https:\/\/mierreyesjovita.com\/#organization","name":"Restaurante el Amanecer","url":"https:\/\/mierreyesjovita.com\/","logo":{"@type":"ImageObject","inLanguage":"eu","@id":"https:\/\/mierreyesjovita.com\/#\/schema\/logo\/image\/","url":"https:\/\/mierreyesjovita.com\/wp-content\/uploads\/2026\/01\/cropped-restauranteamanecer202510_logo_web.png","contentUrl":"https:\/\/mierreyesjovita.com\/wp-content\/uploads\/2026\/01\/cropped-restauranteamanecer202510_logo_web.png","width":1080,"height":1080,"caption":"Restaurante el Amanecer"},"image":{"@id":"https:\/\/mierreyesjovita.com\/#\/schema\/logo\/image\/"}}]}},"_links":{"self":[{"href":"https:\/\/mierreyesjovita.com\/eu\/wp-json\/wp\/v2\/pages\/12","targetHints":{"allow":["GET"]}}],"collection":[{"href":"https:\/\/mierreyesjovita.com\/eu\/wp-json\/wp\/v2\/pages"}],"about":[{"href":"https:\/\/mierreyesjovita.com\/eu\/wp-json\/wp\/v2\/types\/page"}],"author":[{"embeddable":true,"href":"https:\/\/mierreyesjovita.com\/eu\/wp-json\/wp\/v2\/users\/1"}],"replies":[{"embeddable":true,"href":"https:\/\/mierreyesjovita.com\/eu\/wp-json\/wp\/v2\/comments?post=12"}],"version-history":[{"count":28,"href":"https:\/\/mierreyesjovita.com\/eu\/wp-json\/wp\/v2\/pages\/12\/revisions"}],"predecessor-version":[{"id":236,"href":"https:\/\/mierreyesjovita.com\/eu\/wp-json\/wp\/v2\/pages\/12\/revisions\/236"}],"wp:attachment":[{"href":"https:\/\/mierreyesjovita.com\/eu\/wp-json\/wp\/v2\/media?parent=12"}],"curies":[{"name":"wp","href":"https:\/\/api.w.org\/{rel}","templated":true}]}}